{"id":11,"date":"2025-11-24T17:14:02","date_gmt":"2025-11-24T16:14:02","guid":{"rendered":"https:\/\/amrbud.pl\/?page_id=11"},"modified":"2025-11-24T17:19:59","modified_gmt":"2025-11-24T16:19:59","slug":"front_page","status":"publish","type":"page","link":"https:\/\/amrbud.pl\/?page_id=11","title":{"rendered":"Strona g\u0142\u00f3wna"},"content":{"rendered":"\n\n\n\nBudownictwo z do\u015bwiadczeniem\n\n\n\n\n\nJeste\u015bmy firm\u0105 budowlan\u0105 z wieloletnim do\u015bwiadczeniem w bran\u017cy.\n\n\n\nZajmujemy si\u0119 budow\u0105 dom\u00f3w od podstaw, u\u017cywaj\u0105c tylko najwy\u017cszej jako\u015bci materia\u0142\u00f3w, aby zapewni\u0107 naszym klientom trwa\u0142e i eleganckie rozwi\u0105zania.\n\n\n\n\nDowiedz si\u0119 wi\u0119cej\n\n\n\n\n\n\n\n\n\n\n\n\n\n\n\n\nKonstrukcja domu\n\n\n\n\n\nBudowa solidnego domu jest kluczem do bezpiecze\u0144stwa i wygody.\n\n\n\nBudownictwo dom\u00f3w to skomplikowany proces, wymagaj\u0105cy wiedzy i do\u015bwiadczenia, a tak\u017ce solidnych materia\u0142\u00f3w. Dlatego nasza firma stawia na najwy\u017csz\u0105 jako\u015b\u0107 i fachow\u0105 wiedz\u0119, aby zapewni\u0107 naszym klientom bezpieczny i wygodny dom.\n\n\n\n\nDowiedz si\u0119 wi\u0119cej\n\n\n\n\n\n\n\n\n\n\nNajwy\u017csza jako\u015b\u0107\n\n\n\n\n\nZapewniamy profesjonaln\u0105 obs\u0142ug\u0119 oraz najlepszej jako\u015bci materia\u0142y i narz\u0119dzia.\n\n\n\nDzi\u0119ki wieloletniemu do\u015bwiadczeniu i precyzyjnemu wykonaniu, jeste\u015bmy w stanie sprosta\u0107 nawet najbardziej wymagaj\u0105cym projektom.\n\n\n\n\nZobacz wi\u0119cej\n\n\n\n\n\n\n\n\n\n\n\n\nNasze portfolio\n\n\n\n\n\nZapoznaj si\u0119 z naszymi realizacjami &#8211; przekonaj si\u0119 o naszych umiej\u0119tno\u015bciach.\n\n\n\n\n\n\n\n\n\n\n\n\n\n\n\n\n\n\n\n\n\n\n\n\n\n\n\nGotowy na spe\u0142nienie swoich marze\u0144?\n\n\n\nZaprojektujemy tw\u00f3j wymarzony dom!\n\n\n\n\nRealizujemy marzenia\n\n\n\n\n\n\n\n\n\n\nZadzwo\u0144\n\n\n\n\n\nSkontaktuj si\u0119 z nami, aby uzyska\u0107 odpowiedzi na swoje pytania.\n\n\n\n\n+1 234 567 890\n\n\n\nemail@example.com\n\n\n\n123, Main Street, City, Country\n\n\n\n\n","protected":false},"excerpt":{"rendered":"","protected":false},"author":1,"featured_media":0,"parent":0,"menu_order":0,"comment_status":"closed","ping_status":"closed","template":"","meta":{"_gspb_post_css":"","footnotes":""},"class_list":["post-11","page","type-page","status-publish","hentry"],"blocksy_meta":[],"yoast_head":"<!-- This site is optimized with the Yoast SEO plugin v26.4 - https:\/\/yoast.com\/wordpress\/plugins\/seo\/ -->\n<title>Strona g\u0142\u00f3wna - AMRBUD<\/title>\n<meta name=\"robots\" content=\"index, follow, max-snippet:-1, max-image-preview:large, max-video-preview:-1\" \/>\n<link rel=\"canonical\" href=\"https:\/\/amrbud.pl\/?page_id=11\" \/>\n<meta property=\"og:locale\" content=\"pl_PL\" \/>\n<meta property=\"og:type\" content=\"article\" \/>\n<meta property=\"og:title\" content=\"Strona g\u0142\u00f3wna - AMRBUD\" \/>\n<meta property=\"og:url\" content=\"https:\/\/amrbud.pl\/?page_id=11\" \/>\n<meta property=\"og:site_name\" content=\"AMRBUD\" \/>\n<meta property=\"article:modified_time\" content=\"2025-11-24T16:19:59+00:00\" \/>\n<meta name=\"twitter:label1\" content=\"Szacowany czas czytania\" \/>\n\t<meta name=\"twitter:data1\" content=\"1 minuta\" \/>\n<script type=\"application\/ld+json\" class=\"yoast-schema-graph\">{\"@context\":\"https:\/\/schema.org\",\"@graph\":[{\"@type\":\"WebPage\",\"@id\":\"https:\/\/amrbud.pl\/?page_id=11\",\"url\":\"https:\/\/amrbud.pl\/?page_id=11\",\"name\":\"Strona g\u0142\u00f3wna - AMRBUD\",\"isPartOf\":{\"@id\":\"https:\/\/amrbud.pl\/#website\"},\"datePublished\":\"2025-11-24T16:14:02+00:00\",\"dateModified\":\"2025-11-24T16:19:59+00:00\",\"breadcrumb\":{\"@id\":\"https:\/\/amrbud.pl\/?page_id=11#breadcrumb\"},\"inLanguage\":\"pl-PL\",\"potentialAction\":[{\"@type\":\"ReadAction\",\"target\":[\"https:\/\/amrbud.pl\/?page_id=11\"]}]},{\"@type\":\"BreadcrumbList\",\"@id\":\"https:\/\/amrbud.pl\/?page_id=11#breadcrumb\",\"itemListElement\":[{\"@type\":\"ListItem\",\"position\":1,\"name\":\"Home\",\"item\":\"https:\/\/amrbud.pl\/\"},{\"@type\":\"ListItem\",\"position\":2,\"name\":\"Strona g\u0142\u00f3wna\"}]},{\"@type\":\"WebSite\",\"@id\":\"https:\/\/amrbud.pl\/#website\",\"url\":\"https:\/\/amrbud.pl\/\",\"name\":\"AMRBUD\",\"description\":\"AMRBUD - Budowa dom\u00f3w\",\"publisher\":{\"@id\":\"https:\/\/amrbud.pl\/#organization\"},\"potentialAction\":[{\"@type\":\"SearchAction\",\"target\":{\"@type\":\"EntryPoint\",\"urlTemplate\":\"https:\/\/amrbud.pl\/?s={search_term_string}\"},\"query-input\":{\"@type\":\"PropertyValueSpecification\",\"valueRequired\":true,\"valueName\":\"search_term_string\"}}],\"inLanguage\":\"pl-PL\"},{\"@type\":\"Organization\",\"@id\":\"https:\/\/amrbud.pl\/#organization\",\"name\":\"AMRBUD\",\"url\":\"https:\/\/amrbud.pl\/\",\"logo\":{\"@type\":\"ImageObject\",\"inLanguage\":\"pl-PL\",\"@id\":\"https:\/\/amrbud.pl\/#\/schema\/logo\/image\/\",\"url\":\"https:\/\/amrbud.pl\/wp-content\/uploads\/2025\/11\/ChatGPT-Image-25-lis-2025-10_05_16-1.png\",\"contentUrl\":\"https:\/\/amrbud.pl\/wp-content\/uploads\/2025\/11\/ChatGPT-Image-25-lis-2025-10_05_16-1.png\",\"width\":600,\"height\":183,\"caption\":\"AMRBUD\"},\"image\":{\"@id\":\"https:\/\/amrbud.pl\/#\/schema\/logo\/image\/\"}}]}<\/script>\n<!-- \/ Yoast SEO plugin. -->","yoast_head_json":{"title":"Strona g\u0142\u00f3wna - AMRBUD","robots":{"index":"index","follow":"follow","max-snippet":"max-snippet:-1","max-image-preview":"max-image-preview:large","max-video-preview":"max-video-preview:-1"},"canonical":"https:\/\/amrbud.pl\/?page_id=11","og_locale":"pl_PL","og_type":"article","og_title":"Strona g\u0142\u00f3wna - AMRBUD","og_url":"https:\/\/amrbud.pl\/?page_id=11","og_site_name":"AMRBUD","article_modified_time":"2025-11-24T16:19:59+00:00","twitter_misc":{"Szacowany czas czytania":"1 minuta"},"schema":{"@context":"https:\/\/schema.org","@graph":[{"@type":"WebPage","@id":"https:\/\/amrbud.pl\/?page_id=11","url":"https:\/\/amrbud.pl\/?page_id=11","name":"Strona g\u0142\u00f3wna - AMRBUD","isPartOf":{"@id":"https:\/\/amrbud.pl\/#website"},"datePublished":"2025-11-24T16:14:02+00:00","dateModified":"2025-11-24T16:19:59+00:00","breadcrumb":{"@id":"https:\/\/amrbud.pl\/?page_id=11#breadcrumb"},"inLanguage":"pl-PL","potentialAction":[{"@type":"ReadAction","target":["https:\/\/amrbud.pl\/?page_id=11"]}]},{"@type":"BreadcrumbList","@id":"https:\/\/amrbud.pl\/?page_id=11#breadcrumb","itemListElement":[{"@type":"ListItem","position":1,"name":"Home","item":"https:\/\/amrbud.pl\/"},{"@type":"ListItem","position":2,"name":"Strona g\u0142\u00f3wna"}]},{"@type":"WebSite","@id":"https:\/\/amrbud.pl\/#website","url":"https:\/\/amrbud.pl\/","name":"AMRBUD","description":"AMRBUD - Budowa dom\u00f3w","publisher":{"@id":"https:\/\/amrbud.pl\/#organization"},"potentialAction":[{"@type":"SearchAction","target":{"@type":"EntryPoint","urlTemplate":"https:\/\/amrbud.pl\/?s={search_term_string}"},"query-input":{"@type":"PropertyValueSpecification","valueRequired":true,"valueName":"search_term_string"}}],"inLanguage":"pl-PL"},{"@type":"Organization","@id":"https:\/\/amrbud.pl\/#organization","name":"AMRBUD","url":"https:\/\/amrbud.pl\/","logo":{"@type":"ImageObject","inLanguage":"pl-PL","@id":"https:\/\/amrbud.pl\/#\/schema\/logo\/image\/","url":"https:\/\/amrbud.pl\/wp-content\/uploads\/2025\/11\/ChatGPT-Image-25-lis-2025-10_05_16-1.png","contentUrl":"https:\/\/amrbud.pl\/wp-content\/uploads\/2025\/11\/ChatGPT-Image-25-lis-2025-10_05_16-1.png","width":600,"height":183,"caption":"AMRBUD"},"image":{"@id":"https:\/\/amrbud.pl\/#\/schema\/logo\/image\/"}}]}},"brizy_media":[],"_links":{"self":[{"href":"https:\/\/amrbud.pl\/index.php?rest_route=\/wp\/v2\/pages\/11","targetHints":{"allow":["GET"]}}],"collection":[{"href":"https:\/\/amrbud.pl\/index.php?rest_route=\/wp\/v2\/pages"}],"about":[{"href":"https:\/\/amrbud.pl\/index.php?rest_route=\/wp\/v2\/types\/page"}],"author":[{"embeddable":true,"href":"https:\/\/amrbud.pl\/index.php?rest_route=\/wp\/v2\/users\/1"}],"replies":[{"embeddable":true,"href":"https:\/\/amrbud.pl\/index.php?rest_route=%2Fwp%2Fv2%2Fcomments&post=11"}],"version-history":[{"count":2,"href":"https:\/\/amrbud.pl\/index.php?rest_route=\/wp\/v2\/pages\/11\/revisions"}],"predecessor-version":[{"id":71,"href":"https:\/\/amrbud.pl\/index.php?rest_route=\/wp\/v2\/pages\/11\/revisions\/71"}],"wp:attachment":[{"href":"https:\/\/amrbud.pl\/index.php?rest_route=%2Fwp%2Fv2%2Fmedia&parent=11"}],"curies":[{"name":"wp","href":"https:\/\/api.w.org\/{rel}","templated":true}]}}